{"id":2229,"date":"2020-09-28T11:53:03","date_gmt":"2020-09-28T09:53:03","guid":{"rendered":"https:\/\/www.tourisme-paysdechateaugiron.bzh\/accueil\/"},"modified":"2023-09-28T15:19:44","modified_gmt":"2023-09-28T13:19:44","slug":"accueil","status":"publish","type":"page","link":"https:\/\/www.tourisme-paysdechateaugiron.bzh\/en\/","title":{"rendered":"Accueil"},"content":{"rendered":"","protected":false},"excerpt":{"rendered":"","protected":false},"author":1,"featured_media":0,"parent":0,"menu_order":7,"comment_status":"closed","ping_status":"closed","template":"","meta":{"_acf_changed":false,"footnotes":""},"class_list":["post-2229","page","type-page","status-publish","hentry"],"acf":[],"yoast_head":"<!-- This site is optimized with the Yoast SEO plugin v27.1.1 - https:\/\/yoast.com\/product\/yoast-seo-wordpress\/ -->\n<title>Accueil - Pays de Ch\u00e2teaugiron Tourisme<\/title>\n<meta name=\"description\" content=\"D\u00e9couvrez le patrimoine culturel &amp; naturel du Pays de Ch\u00e2teaugiron, un territoire dynamique proche de Rennes !\" \/>\n<meta name=\"robots\" content=\"index, follow, max-snippet:-1, max-image-preview:large, max-video-preview:-1\" \/>\n<link rel=\"canonical\" href=\"https:\/\/www.tourisme-paysdechateaugiron.bzh\/en\/\" \/>\n<meta property=\"og:locale\" content=\"en_US\" \/>\n<meta property=\"og:type\" content=\"article\" \/>\n<meta property=\"og:title\" content=\"Accueil - Pays de Ch\u00e2teaugiron Tourisme\" \/>\n<meta property=\"og:description\" content=\"D\u00e9couvrez le patrimoine culturel &amp; naturel du Pays de Ch\u00e2teaugiron, un territoire dynamique proche de Rennes !\" \/>\n<meta property=\"og:url\" content=\"https:\/\/www.tourisme-paysdechateaugiron.bzh\/en\/\" \/>\n<meta property=\"og:site_name\" content=\"Pays de Ch\u00e2teaugiron Tourisme\" \/>\n<meta property=\"article:publisher\" content=\"https:\/\/www.facebook.com\/office.tourisme.pays.chateaugiron\/\" \/>\n<meta property=\"article:modified_time\" content=\"2023-09-28T13:19:44+00:00\" \/>\n<meta name=\"twitter:card\" content=\"summary_large_image\" \/>\n<script type=\"application\/ld+json\" class=\"yoast-schema-graph\">{\"@context\":\"https:\/\/schema.org\",\"@graph\":[{\"@type\":\"WebPage\",\"@id\":\"https:\/\/www.tourisme-paysdechateaugiron.bzh\/en\/\",\"url\":\"https:\/\/www.tourisme-paysdechateaugiron.bzh\/en\/\",\"name\":\"Accueil - Pays de Ch\u00e2teaugiron Tourisme\",\"isPartOf\":{\"@id\":\"https:\/\/www.tourisme-paysdechateaugiron.bzh\/en\/#website\"},\"datePublished\":\"2020-09-28T09:53:03+00:00\",\"dateModified\":\"2023-09-28T13:19:44+00:00\",\"description\":\"D\u00e9couvrez le patrimoine culturel & naturel du Pays de Ch\u00e2teaugiron, un territoire dynamique proche de Rennes !\",\"breadcrumb\":{\"@id\":\"https:\/\/www.tourisme-paysdechateaugiron.bzh\/en\/#breadcrumb\"},\"inLanguage\":\"en-US\",\"potentialAction\":[{\"@type\":\"ReadAction\",\"target\":[\"https:\/\/www.tourisme-paysdechateaugiron.bzh\/en\/\"]}]},{\"@type\":\"BreadcrumbList\",\"@id\":\"https:\/\/www.tourisme-paysdechateaugiron.bzh\/en\/#breadcrumb\",\"itemListElement\":[{\"@type\":\"ListItem\",\"position\":1,\"name\":\"Accueil\",\"item\":\"https:\/\/www.tourisme-paysdechateaugiron.bzh\/en\/\"},{\"@type\":\"ListItem\",\"position\":2,\"name\":\"Accueil\"}]},{\"@type\":\"WebSite\",\"@id\":\"https:\/\/www.tourisme-paysdechateaugiron.bzh\/en\/#website\",\"url\":\"https:\/\/www.tourisme-paysdechateaugiron.bzh\/en\/\",\"name\":\"Pays de Ch\u00e2teaugiron Tourisme\",\"description\":\"Office du tourisme \u00e0 Ch\u00e2teaugiron\",\"publisher\":{\"@id\":\"https:\/\/www.tourisme-paysdechateaugiron.bzh\/en\/#organization\"},\"potentialAction\":[{\"@type\":\"SearchAction\",\"target\":{\"@type\":\"EntryPoint\",\"urlTemplate\":\"https:\/\/www.tourisme-paysdechateaugiron.bzh\/en\/?s={search_term_string}\"},\"query-input\":{\"@type\":\"PropertyValueSpecification\",\"valueRequired\":true,\"valueName\":\"search_term_string\"}}],\"inLanguage\":\"en-US\"},{\"@type\":\"Organization\",\"@id\":\"https:\/\/www.tourisme-paysdechateaugiron.bzh\/en\/#organization\",\"name\":\"Pays de Ch\u00e2teaugiron Tourisme\",\"url\":\"https:\/\/www.tourisme-paysdechateaugiron.bzh\/en\/\",\"logo\":{\"@type\":\"ImageObject\",\"inLanguage\":\"en-US\",\"@id\":\"https:\/\/www.tourisme-paysdechateaugiron.bzh\/en\/#\/schema\/logo\/image\/\",\"url\":\"https:\/\/www.tourisme-paysdechateaugiron.bzh\/assets\/uploads\/2021\/10\/pays-de-chateaugiron.rec.faire-savoir.com-logo-pays-chateaugirion-tourisme.svg\",\"contentUrl\":\"https:\/\/www.tourisme-paysdechateaugiron.bzh\/assets\/uploads\/2021\/10\/pays-de-chateaugiron.rec.faire-savoir.com-logo-pays-chateaugirion-tourisme.svg\",\"width\":198,\"height\":54,\"caption\":\"Pays de Ch\u00e2teaugiron Tourisme\"},\"image\":{\"@id\":\"https:\/\/www.tourisme-paysdechateaugiron.bzh\/en\/#\/schema\/logo\/image\/\"},\"sameAs\":[\"https:\/\/www.facebook.com\/office.tourisme.pays.chateaugiron\/\",\"https:\/\/www.instagram.com\/paysdechateaugirontourisme\/\"]}]}<\/script>\n<!-- \/ Yoast SEO plugin. -->","yoast_head_json":{"title":"Accueil - Pays de Ch\u00e2teaugiron Tourisme","description":"D\u00e9couvrez le patrimoine culturel & naturel du Pays de Ch\u00e2teaugiron, un territoire dynamique proche de Rennes !","robots":{"index":"index","follow":"follow","max-snippet":"max-snippet:-1","max-image-preview":"max-image-preview:large","max-video-preview":"max-video-preview:-1"},"canonical":"https:\/\/www.tourisme-paysdechateaugiron.bzh\/en\/","og_locale":"en_US","og_type":"article","og_title":"Accueil - Pays de Ch\u00e2teaugiron Tourisme","og_description":"D\u00e9couvrez le patrimoine culturel & naturel du Pays de Ch\u00e2teaugiron, un territoire dynamique proche de Rennes !","og_url":"https:\/\/www.tourisme-paysdechateaugiron.bzh\/en\/","og_site_name":"Pays de Ch\u00e2teaugiron Tourisme","article_publisher":"https:\/\/www.facebook.com\/office.tourisme.pays.chateaugiron\/","article_modified_time":"2023-09-28T13:19:44+00:00","twitter_card":"summary_large_image","schema":{"@context":"https:\/\/schema.org","@graph":[{"@type":"WebPage","@id":"https:\/\/www.tourisme-paysdechateaugiron.bzh\/en\/","url":"https:\/\/www.tourisme-paysdechateaugiron.bzh\/en\/","name":"Accueil - Pays de Ch\u00e2teaugiron Tourisme","isPartOf":{"@id":"https:\/\/www.tourisme-paysdechateaugiron.bzh\/en\/#website"},"datePublished":"2020-09-28T09:53:03+00:00","dateModified":"2023-09-28T13:19:44+00:00","description":"D\u00e9couvrez le patrimoine culturel & naturel du Pays de Ch\u00e2teaugiron, un territoire dynamique proche de Rennes !","breadcrumb":{"@id":"https:\/\/www.tourisme-paysdechateaugiron.bzh\/en\/#breadcrumb"},"inLanguage":"en-US","potentialAction":[{"@type":"ReadAction","target":["https:\/\/www.tourisme-paysdechateaugiron.bzh\/en\/"]}]},{"@type":"BreadcrumbList","@id":"https:\/\/www.tourisme-paysdechateaugiron.bzh\/en\/#breadcrumb","itemListElement":[{"@type":"ListItem","position":1,"name":"Accueil","item":"https:\/\/www.tourisme-paysdechateaugiron.bzh\/en\/"},{"@type":"ListItem","position":2,"name":"Accueil"}]},{"@type":"WebSite","@id":"https:\/\/www.tourisme-paysdechateaugiron.bzh\/en\/#website","url":"https:\/\/www.tourisme-paysdechateaugiron.bzh\/en\/","name":"Pays de Ch\u00e2teaugiron Tourisme","description":"Office du tourisme \u00e0 Ch\u00e2teaugiron","publisher":{"@id":"https:\/\/www.tourisme-paysdechateaugiron.bzh\/en\/#organization"},"potentialAction":[{"@type":"SearchAction","target":{"@type":"EntryPoint","urlTemplate":"https:\/\/www.tourisme-paysdechateaugiron.bzh\/en\/?s={search_term_string}"},"query-input":{"@type":"PropertyValueSpecification","valueRequired":true,"valueName":"search_term_string"}}],"inLanguage":"en-US"},{"@type":"Organization","@id":"https:\/\/www.tourisme-paysdechateaugiron.bzh\/en\/#organization","name":"Pays de Ch\u00e2teaugiron Tourisme","url":"https:\/\/www.tourisme-paysdechateaugiron.bzh\/en\/","logo":{"@type":"ImageObject","inLanguage":"en-US","@id":"https:\/\/www.tourisme-paysdechateaugiron.bzh\/en\/#\/schema\/logo\/image\/","url":"https:\/\/www.tourisme-paysdechateaugiron.bzh\/assets\/uploads\/2021\/10\/pays-de-chateaugiron.rec.faire-savoir.com-logo-pays-chateaugirion-tourisme.svg","contentUrl":"https:\/\/www.tourisme-paysdechateaugiron.bzh\/assets\/uploads\/2021\/10\/pays-de-chateaugiron.rec.faire-savoir.com-logo-pays-chateaugirion-tourisme.svg","width":198,"height":54,"caption":"Pays de Ch\u00e2teaugiron Tourisme"},"image":{"@id":"https:\/\/www.tourisme-paysdechateaugiron.bzh\/en\/#\/schema\/logo\/image\/"},"sameAs":["https:\/\/www.facebook.com\/office.tourisme.pays.chateaugiron\/","https:\/\/www.instagram.com\/paysdechateaugirontourisme\/"]}]}},"_links":{"self":[{"href":"https:\/\/www.tourisme-paysdechateaugiron.bzh\/en\/wp-json\/wp\/v2\/pages\/2229","targetHints":{"allow":["GET"]}}],"collection":[{"href":"https:\/\/www.tourisme-paysdechateaugiron.bzh\/en\/wp-json\/wp\/v2\/pages"}],"about":[{"href":"https:\/\/www.tourisme-paysdechateaugiron.bzh\/en\/wp-json\/wp\/v2\/types\/page"}],"author":[{"embeddable":true,"href":"https:\/\/www.tourisme-paysdechateaugiron.bzh\/en\/wp-json\/wp\/v2\/users\/1"}],"replies":[{"embeddable":true,"href":"https:\/\/www.tourisme-paysdechateaugiron.bzh\/en\/wp-json\/wp\/v2\/comments?post=2229"}],"version-history":[{"count":0,"href":"https:\/\/www.tourisme-paysdechateaugiron.bzh\/en\/wp-json\/wp\/v2\/pages\/2229\/revisions"}],"wp:attachment":[{"href":"https:\/\/www.tourisme-paysdechateaugiron.bzh\/en\/wp-json\/wp\/v2\/media?parent=2229"}],"curies":[{"name":"wp","href":"https:\/\/api.w.org\/{rel}","templated":true}]}}